{"id":471,"date":"2024-05-23T12:22:28","date_gmt":"2024-05-23T11:22:28","guid":{"rendered":"https:\/\/dev-stubentor.justdo-it.at\/?page_id=471"},"modified":"2025-09-13T09:41:06","modified_gmt":"2025-09-13T08:41:06","slug":"clubtag","status":"publish","type":"page","link":"https:\/\/www.stubentor.com\/?page_id=471","title":{"rendered":"Clubtag"},"content":{"rendered":"\t\t<div data-elementor-type=\"wp-page\" data-elementor-id=\"471\" class=\"elementor elementor-471\" data-elementor-post-type=\"page\">\n\t\t\t\t<div class=\"elementor-element elementor-element-814dcd8 e-flex e-con-boxed e-con e-parent\" data-id=\"814dcd8\" data-element_type=\"container\" data-e-type=\"container\">\n\t\t\t\t\t<div class=\"e-con-inner\">\n\t\t\t\t<div class=\"elementor-element elementor-element-05840a0 elementor-widget elementor-widget-heading\" data-id=\"05840a0\" data-element_type=\"widget\" data-e-type=\"widget\" data-widget_type=\"heading.default\">\n\t\t\t\t<div class=\"elementor-widget-container\">\n\t\t\t\t\t<h1 class=\"elementor-heading-title elementor-size-default\">Unsere Gruppen<\/h1>\t\t\t\t<\/div>\n\t\t\t\t<\/div>\n\t\t\t\t\t<\/div>\n\t\t\t\t<\/div>\n\t\t<div class=\"elementor-element elementor-element-b87f873 e-con-full e-flex e-con e-parent\" data-id=\"b87f873\" data-element_type=\"container\" data-e-type=\"container\" data-settings=\"{&quot;background_background&quot;:&quot;classic&quot;}\">\n\t\t\t\t<\/div>\n\t\t<div class=\"elementor-element elementor-element-12c12ca e-con-full e-flex e-con e-parent\" data-id=\"12c12ca\" data-element_type=\"container\" data-e-type=\"container\" data-settings=\"{&quot;background_background&quot;:&quot;classic&quot;,&quot;background_motion_fx_motion_fx_scrolling&quot;:&quot;yes&quot;,&quot;background_motion_fx_translateY_effect&quot;:&quot;yes&quot;,&quot;background_motion_fx_translateY_speed&quot;:{&quot;unit&quot;:&quot;px&quot;,&quot;size&quot;:10,&quot;sizes&quot;:[]},&quot;background_motion_fx_range&quot;:&quot;viewport&quot;,&quot;background_motion_fx_translateY_affectedRange&quot;:{&quot;unit&quot;:&quot;%&quot;,&quot;size&quot;:&quot;&quot;,&quot;sizes&quot;:{&quot;start&quot;:0,&quot;end&quot;:100}},&quot;background_motion_fx_devices&quot;:[&quot;desktop&quot;,&quot;tablet&quot;,&quot;mobile&quot;]}\">\n\t\t\t\t<\/div>\n\t\t<div class=\"elementor-element elementor-element-297d19c e-flex e-con-boxed e-con e-parent\" data-id=\"297d19c\" data-element_type=\"container\" data-e-type=\"container\">\n\t\t\t\t\t<div class=\"e-con-inner\">\n\t\t\t\t<div class=\"elementor-element elementor-element-646dd36 elementor-widget elementor-widget-heading\" data-id=\"646dd36\" data-element_type=\"widget\" data-e-type=\"widget\" data-widget_type=\"heading.default\">\n\t\t\t\t<div class=\"elementor-widget-container\">\n\t\t\t\t\t<h2 class=\"elementor-heading-title elementor-size-default\">Kosten<\/h2>\t\t\t\t<\/div>\n\t\t\t\t<\/div>\n\t\t<div class=\"elementor-element elementor-element-4156340 e-con-full e-flex e-con e-child\" data-id=\"4156340\" data-element_type=\"container\" data-e-type=\"container\">\n\t\t<div class=\"elementor-element elementor-element-5fae1d3 e-con-full e-flex e-con e-child\" data-id=\"5fae1d3\" data-element_type=\"container\" data-e-type=\"container\">\n\t\t\t\t<div class=\"elementor-element elementor-element-8cdb61c elementor-widget elementor-widget-text-editor\" data-id=\"8cdb61c\" data-element_type=\"widget\" data-e-type=\"widget\" data-widget_type=\"text-editor.default\">\n\t\t\t\t<div class=\"elementor-widget-container\">\n\t\t\t\t\t\t\t\t\t<p><strong>Xsmalls:<\/strong> \u20ac95 pro Semester<\/p>\t\t\t\t\t\t\t\t<\/div>\n\t\t\t\t<\/div>\n\t\t\t\t<div class=\"elementor-element elementor-element-e8a6003 elementor-widget elementor-widget-text-editor\" data-id=\"e8a6003\" data-element_type=\"widget\" data-e-type=\"widget\" data-widget_type=\"text-editor.default\">\n\t\t\t\t<div class=\"elementor-widget-container\">\n\t\t\t\t\t\t\t\t\t<p><strong>Smalls und Mediums:<\/strong> \u20ac190 pro Semester<\/p>\t\t\t\t\t\t\t\t<\/div>\n\t\t\t\t<\/div>\n\t\t\t\t<\/div>\n\t\t\t\t<\/div>\n\t\t\t\t\t<\/div>\n\t\t\t\t<\/div>\n\t\t<div class=\"elementor-element elementor-element-c41da11 e-flex e-con-boxed e-con e-parent\" data-id=\"c41da11\" data-element_type=\"container\" data-e-type=\"container\">\n\t\t\t\t\t<div class=\"e-con-inner\">\n\t\t\t\t<div class=\"elementor-element elementor-element-d4d4682 elementor-widget elementor-widget-heading\" data-id=\"d4d4682\" data-element_type=\"widget\" data-e-type=\"widget\" data-widget_type=\"heading.default\">\n\t\t\t\t<div class=\"elementor-widget-container\">\n\t\t\t\t\t<h2 class=\"elementor-heading-title elementor-size-default\">Ein typischer Clubtag<\/h2>\t\t\t\t<\/div>\n\t\t\t\t<\/div>\n\t\t<div class=\"elementor-element elementor-element-923c610 e-con-full e-flex e-con e-child\" data-id=\"923c610\" data-element_type=\"container\" data-e-type=\"container\">\n\t\t<div class=\"elementor-element elementor-element-0402e28 e-con-full e-flex e-con e-child\" data-id=\"0402e28\" data-element_type=\"container\" data-e-type=\"container\">\n\t\t<div class=\"elementor-element elementor-element-72ea9bc e-con-full e-flex e-con e-child\" data-id=\"72ea9bc\" data-element_type=\"container\" data-e-type=\"container\" data-settings=\"{&quot;background_background&quot;:&quot;classic&quot;}\">\n\t\t<div class=\"elementor-element elementor-element-937f83c e-con-full e-flex e-con e-child\" data-id=\"937f83c\" data-element_type=\"container\" data-e-type=\"container\" data-settings=\"{&quot;background_background&quot;:&quot;classic&quot;,&quot;position&quot;:&quot;absolute&quot;}\">\n\t\t\t\t<div class=\"elementor-element elementor-element-6ada711 elementor-absolute e-transform elementor-view-default elementor-widget elementor-widget-icon\" data-id=\"6ada711\" data-element_type=\"widget\" data-e-type=\"widget\" data-settings=\"{&quot;_position&quot;:&quot;absolute&quot;,&quot;_transform_translateY_effect&quot;:{&quot;unit&quot;:&quot;px&quot;,&quot;size&quot;:-12,&quot;sizes&quot;:[]},&quot;_transform_translateY_effect_tablet&quot;:{&quot;unit&quot;:&quot;%&quot;,&quot;size&quot;:&quot;&quot;,&quot;sizes&quot;:[]},&quot;_transform_translateY_effect_mobile&quot;:{&quot;unit&quot;:&quot;%&quot;,&quot;size&quot;:&quot;&quot;,&quot;sizes&quot;:[]},&quot;_transform_translateX_effect&quot;:{&quot;unit&quot;:&quot;px&quot;,&quot;size&quot;:&quot;&quot;,&quot;sizes&quot;:[]},&quot;_transform_translateX_effect_tablet&quot;:{&quot;unit&quot;:&quot;px&quot;,&quot;size&quot;:&quot;&quot;,&quot;sizes&quot;:[]},&quot;_transform_translateX_effect_mobile&quot;:{&quot;unit&quot;:&quot;px&quot;,&quot;size&quot;:&quot;&quot;,&quot;sizes&quot;:[]}}\" data-widget_type=\"icon.default\">\n\t\t\t\t<div class=\"elementor-widget-container\">\n\t\t\t\t\t\t\t<div class=\"elementor-icon-wrapper\">\n\t\t\t<div class=\"elementor-icon\">\n\t\t\t<svg aria-hidden=\"true\" class=\"e-font-icon-svg e-fas-arrow-right\" viewBox=\"0 0 448 512\" xmlns=\"http:\/\/www.w3.org\/2000\/svg\"><path d=\"M190.5 66.9l22.2-22.2c9.4-9.4 24.6-9.4 33.9 0L441 239c9.4 9.4 9.4 24.6 0 33.9L246.6 467.3c-9.4 9.4-24.6 9.4-33.9 0l-22.2-22.2c-9.5-9.5-9.3-25 .4-34.3L311.4 296H24c-13.3 0-24-10.7-24-24v-32c0-13.3 10.7-24 24-24h287.4L190.9 101.2c-9.8-9.3-10-24.8-.4-34.3z\"><\/path><\/svg>\t\t\t<\/div>\n\t\t<\/div>\n\t\t\t\t\t\t<\/div>\n\t\t\t\t<\/div>\n\t\t\t\t<\/div>\n\t\t\t\t<\/div>\n\t\t<div class=\"elementor-element elementor-element-50f55d5 e-con-full e-flex e-con e-child\" data-id=\"50f55d5\" data-element_type=\"container\" data-e-type=\"container\">\n\t\t\t\t<div class=\"elementor-element elementor-element-e10d81b elementor-widget elementor-widget-heading\" data-id=\"e10d81b\" data-element_type=\"widget\" data-e-type=\"widget\" data-widget_type=\"heading.default\">\n\t\t\t\t<div class=\"elementor-widget-container\">\n\t\t\t\t\t<h2 class=\"elementor-heading-title elementor-size-default\">Input<\/h2>\t\t\t\t<\/div>\n\t\t\t\t<\/div>\n\t\t\t\t<div class=\"elementor-element elementor-element-7d079f9 elementor-widget elementor-widget-text-editor\" data-id=\"7d079f9\" data-element_type=\"widget\" data-e-type=\"widget\" data-widget_type=\"text-editor.default\">\n\t\t\t\t<div class=\"elementor-widget-container\">\n\t\t\t\t\t\t\t\t\t<p>Wir besch\u00e4ftigen uns mit einem Thema aus einer der folgenden drei Kategorien:<\/p><p>Pers\u00f6nlichkeitsbildung, Glaubensbildung, aktuelle Themen &#8211; christlicher Blick auf die Welt. Das machen wir durch Workshops, Betrachtungen in der Kapelle des Clubs, Diskussionen und Katechismusrunden, angepasst an die jeweiligen Altersstufen.<\/p>\t\t\t\t\t\t\t\t<\/div>\n\t\t\t\t<\/div>\n\t\t\t\t<\/div>\n\t\t\t\t<\/div>\n\t\t<div class=\"elementor-element elementor-element-614bc5f e-con-full e-flex e-con e-child\" data-id=\"614bc5f\" data-element_type=\"container\" data-e-type=\"container\">\n\t\t<div class=\"elementor-element elementor-element-f6fbf5d e-con-full e-flex e-con e-child\" data-id=\"f6fbf5d\" data-element_type=\"container\" data-e-type=\"container\" data-settings=\"{&quot;background_background&quot;:&quot;classic&quot;}\">\n\t\t<div class=\"elementor-element elementor-element-41a283a e-con-full e-flex e-con e-child\" data-id=\"41a283a\" data-element_type=\"container\" data-e-type=\"container\" data-settings=\"{&quot;background_background&quot;:&quot;classic&quot;,&quot;position&quot;:&quot;absolute&quot;}\">\n\t\t\t\t<div class=\"elementor-element elementor-element-2ecf153 elementor-absolute e-transform elementor-view-default elementor-widget elementor-widget-icon\" data-id=\"2ecf153\" data-element_type=\"widget\" data-e-type=\"widget\" data-settings=\"{&quot;_position&quot;:&quot;absolute&quot;,&quot;_transform_translateY_effect&quot;:{&quot;unit&quot;:&quot;px&quot;,&quot;size&quot;:-12,&quot;sizes&quot;:[]},&quot;_transform_translateY_effect_tablet&quot;:{&quot;unit&quot;:&quot;%&quot;,&quot;size&quot;:&quot;&quot;,&quot;sizes&quot;:[]},&quot;_transform_translateY_effect_mobile&quot;:{&quot;unit&quot;:&quot;%&quot;,&quot;size&quot;:&quot;&quot;,&quot;sizes&quot;:[]},&quot;_transform_translateX_effect&quot;:{&quot;unit&quot;:&quot;px&quot;,&quot;size&quot;:&quot;&quot;,&quot;sizes&quot;:[]},&quot;_transform_translateX_effect_tablet&quot;:{&quot;unit&quot;:&quot;px&quot;,&quot;size&quot;:&quot;&quot;,&quot;sizes&quot;:[]},&quot;_transform_translateX_effect_mobile&quot;:{&quot;unit&quot;:&quot;px&quot;,&quot;size&quot;:&quot;&quot;,&quot;sizes&quot;:[]}}\" data-widget_type=\"icon.default\">\n\t\t\t\t<div class=\"elementor-widget-container\">\n\t\t\t\t\t\t\t<div class=\"elementor-icon-wrapper\">\n\t\t\t<div class=\"elementor-icon\">\n\t\t\t<svg aria-hidden=\"true\" class=\"e-font-icon-svg e-fas-arrow-right\" viewBox=\"0 0 448 512\" xmlns=\"http:\/\/www.w3.org\/2000\/svg\"><path d=\"M190.5 66.9l22.2-22.2c9.4-9.4 24.6-9.4 33.9 0L441 239c9.4 9.4 9.4 24.6 0 33.9L246.6 467.3c-9.4 9.4-24.6 9.4-33.9 0l-22.2-22.2c-9.5-9.5-9.3-25 .4-34.3L311.4 296H24c-13.3 0-24-10.7-24-24v-32c0-13.3 10.7-24 24-24h287.4L190.9 101.2c-9.8-9.3-10-24.8-.4-34.3z\"><\/path><\/svg>\t\t\t<\/div>\n\t\t<\/div>\n\t\t\t\t\t\t<\/div>\n\t\t\t\t<\/div>\n\t\t\t\t<\/div>\n\t\t\t\t<\/div>\n\t\t<div class=\"elementor-element elementor-element-a8598b8 e-con-full e-flex e-con e-child\" data-id=\"a8598b8\" data-element_type=\"container\" data-e-type=\"container\">\n\t\t\t\t<div class=\"elementor-element elementor-element-7ab609f elementor-widget elementor-widget-heading\" data-id=\"7ab609f\" data-element_type=\"widget\" data-e-type=\"widget\" data-widget_type=\"heading.default\">\n\t\t\t\t<div class=\"elementor-widget-container\">\n\t\t\t\t\t<h2 class=\"elementor-heading-title elementor-size-default\">Aktivit\u00e4t<\/h2>\t\t\t\t<\/div>\n\t\t\t\t<\/div>\n\t\t\t\t<div class=\"elementor-element elementor-element-68d2d37 elementor-widget elementor-widget-text-editor\" data-id=\"68d2d37\" data-element_type=\"widget\" data-e-type=\"widget\" data-widget_type=\"text-editor.default\">\n\t\t\t\t<div class=\"elementor-widget-container\">\n\t\t\t\t\t\t\t\t\tDie angebotenen Aktivit\u00e4ten erstrecken sich \u00fcber die Bereiche Kreativit\u00e4t, Sport, soziales Engagement und Kultur. Dabei k\u00f6nnen die M\u00e4dchen Neues entdecken, ihr soziales Bewusstsein entwickeln und sich kreativ sowie intellektuell bereichern.\t\t\t\t\t\t\t\t<\/div>\n\t\t\t\t<\/div>\n\t\t\t\t<\/div>\n\t\t\t\t<\/div>\n\t\t<div class=\"elementor-element elementor-element-5c7c8c9 e-con-full e-flex e-con e-child\" data-id=\"5c7c8c9\" data-element_type=\"container\" data-e-type=\"container\">\n\t\t<div class=\"elementor-element elementor-element-8e1f197 e-con-full e-flex e-con e-child\" data-id=\"8e1f197\" data-element_type=\"container\" data-e-type=\"container\" data-settings=\"{&quot;background_background&quot;:&quot;classic&quot;}\">\n\t\t<div class=\"elementor-element elementor-element-af7662f e-con-full e-flex e-con e-child\" data-id=\"af7662f\" data-element_type=\"container\" data-e-type=\"container\" data-settings=\"{&quot;background_background&quot;:&quot;classic&quot;,&quot;position&quot;:&quot;absolute&quot;}\">\n\t\t\t\t<div class=\"elementor-element elementor-element-ece3219 elementor-absolute e-transform elementor-view-default elementor-widget elementor-widget-icon\" data-id=\"ece3219\" data-element_type=\"widget\" data-e-type=\"widget\" data-settings=\"{&quot;_position&quot;:&quot;absolute&quot;,&quot;_transform_translateY_effect&quot;:{&quot;unit&quot;:&quot;px&quot;,&quot;size&quot;:-12,&quot;sizes&quot;:[]},&quot;_transform_translateY_effect_tablet&quot;:{&quot;unit&quot;:&quot;%&quot;,&quot;size&quot;:&quot;&quot;,&quot;sizes&quot;:[]},&quot;_transform_translateY_effect_mobile&quot;:{&quot;unit&quot;:&quot;%&quot;,&quot;size&quot;:&quot;&quot;,&quot;sizes&quot;:[]},&quot;_transform_translateX_effect&quot;:{&quot;unit&quot;:&quot;px&quot;,&quot;size&quot;:&quot;&quot;,&quot;sizes&quot;:[]},&quot;_transform_translateX_effect_tablet&quot;:{&quot;unit&quot;:&quot;px&quot;,&quot;size&quot;:&quot;&quot;,&quot;sizes&quot;:[]},&quot;_transform_translateX_effect_mobile&quot;:{&quot;unit&quot;:&quot;px&quot;,&quot;size&quot;:&quot;&quot;,&quot;sizes&quot;:[]}}\" data-widget_type=\"icon.default\">\n\t\t\t\t<div class=\"elementor-widget-container\">\n\t\t\t\t\t\t\t<div class=\"elementor-icon-wrapper\">\n\t\t\t<div class=\"elementor-icon\">\n\t\t\t<svg aria-hidden=\"true\" class=\"e-font-icon-svg e-fas-arrow-right\" viewBox=\"0 0 448 512\" xmlns=\"http:\/\/www.w3.org\/2000\/svg\"><path d=\"M190.5 66.9l22.2-22.2c9.4-9.4 24.6-9.4 33.9 0L441 239c9.4 9.4 9.4 24.6 0 33.9L246.6 467.3c-9.4 9.4-24.6 9.4-33.9 0l-22.2-22.2c-9.5-9.5-9.3-25 .4-34.3L311.4 296H24c-13.3 0-24-10.7-24-24v-32c0-13.3 10.7-24 24-24h287.4L190.9 101.2c-9.8-9.3-10-24.8-.4-34.3z\"><\/path><\/svg>\t\t\t<\/div>\n\t\t<\/div>\n\t\t\t\t\t\t<\/div>\n\t\t\t\t<\/div>\n\t\t\t\t<\/div>\n\t\t\t\t<\/div>\n\t\t<div class=\"elementor-element elementor-element-41a0f60 e-con-full e-flex e-con e-child\" data-id=\"41a0f60\" data-element_type=\"container\" data-e-type=\"container\">\n\t\t\t\t<div class=\"elementor-element elementor-element-8f784a4 elementor-widget elementor-widget-heading\" data-id=\"8f784a4\" data-element_type=\"widget\" data-e-type=\"widget\" data-widget_type=\"heading.default\">\n\t\t\t\t<div class=\"elementor-widget-container\">\n\t\t\t\t\t<h2 class=\"elementor-heading-title elementor-size-default\">Get-Together<\/h2>\t\t\t\t<\/div>\n\t\t\t\t<\/div>\n\t\t\t\t<div class=\"elementor-element elementor-element-e7938e5 elementor-widget elementor-widget-text-editor\" data-id=\"e7938e5\" data-element_type=\"widget\" data-e-type=\"widget\" data-widget_type=\"text-editor.default\">\n\t\t\t\t<div class=\"elementor-widget-container\">\n\t\t\t\t\t\t\t\t\t<p>Das Get-together am Ende des Clubtages erm\u00f6glicht es allen, den Tag gemeinsam ausklingen zu lassen und in gem\u00fctlicher Atmosph\u00e4re echte Freundschaft zu kn\u00fcpfen.<\/p>\t\t\t\t\t\t\t\t<\/div>\n\t\t\t\t<\/div>\n\t\t\t\t<\/div>\n\t\t\t\t<\/div>\n\t\t\t\t<\/div>\n\t\t\t\t\t<\/div>\n\t\t\t\t<\/div>\n\t\t<div class=\"elementor-element elementor-element-212f90a e-flex e-con-boxed e-con e-parent\" data-id=\"212f90a\" data-element_type=\"container\" data-e-type=\"container\">\n\t\t\t\t\t<div class=\"e-con-inner\">\n\t\t\t\t<div class=\"elementor-element elementor-element-5d0eea7 elementor-widget elementor-widget-heading\" data-id=\"5d0eea7\" data-element_type=\"widget\" data-e-type=\"widget\" data-widget_type=\"heading.default\">\n\t\t\t\t<div class=\"elementor-widget-container\">\n\t\t\t\t\t<h2 class=\"elementor-heading-title elementor-size-default\"><a href=\"https:\/\/www.stubentor.com\/wp-content\/uploads\/2025\/09\/2.png\" target=\"_blank\">Hier das aktuelle Programm zum Download<\/a><\/h2>\t\t\t\t<\/div>\n\t\t\t\t<\/div>\n\t\t\t\t\t<\/div>\n\t\t\t\t<\/div>\n\t\t\t\t<\/div>\n\t\t","protected":false},"excerpt":{"rendered":"<p>Unsere Gruppen Kosten Xsmalls: \u20ac95 pro Semester Smalls und Mediums: \u20ac190 pro Semester Ein typischer Clubtag Input Wir besch\u00e4ftigen uns mit einem Thema aus einer der folgenden drei Kategorien: Pers\u00f6nlichkeitsbildung, Glaubensbildung, aktuelle Themen &#8211; christlicher Blick auf die Welt. Das machen wir durch Workshops, Betrachtungen in der Kapelle des Clubs, Diskussionen und Katechismusrunden, angepasst an [&hellip;]<\/p>\n","protected":false},"author":3,"featured_media":0,"parent":0,"menu_order":0,"comment_status":"closed","ping_status":"closed","template":"elementor_header_footer","meta":{"footnotes":""},"class_list":["post-471","page","type-page","status-publish","hentry"],"yoast_head":"<!-- This site is optimized with the Yoast SEO plugin v27.6 - https:\/\/yoast.com\/product\/yoast-seo-wordpress\/ -->\n<title>Clubtag - Jugendclub Stubentor<\/title>\n<meta name=\"robots\" content=\"index, follow, max-snippet:-1, max-image-preview:large, max-video-preview:-1\" \/>\n<link rel=\"canonical\" href=\"https:\/\/www.stubentor.com\/?page_id=471\" \/>\n<meta property=\"og:locale\" content=\"de_DE\" \/>\n<meta property=\"og:type\" content=\"article\" \/>\n<meta property=\"og:title\" content=\"Clubtag - Jugendclub Stubentor\" \/>\n<meta property=\"og:description\" content=\"Unsere Gruppen Kosten Xsmalls: \u20ac95 pro Semester Smalls und Mediums: \u20ac190 pro Semester Ein typischer Clubtag Input Wir besch\u00e4ftigen uns mit einem Thema aus einer der folgenden drei Kategorien: Pers\u00f6nlichkeitsbildung, Glaubensbildung, aktuelle Themen &#8211; christlicher Blick auf die Welt. Das machen wir durch Workshops, Betrachtungen in der Kapelle des Clubs, Diskussionen und Katechismusrunden, angepasst an [&hellip;]\" \/>\n<meta property=\"og:url\" content=\"https:\/\/www.stubentor.com\/?page_id=471\" \/>\n<meta property=\"og:site_name\" content=\"Jugendclub Stubentor\" \/>\n<meta property=\"article:modified_time\" content=\"2025-09-13T08:41:06+00:00\" \/>\n<meta name=\"twitter:card\" content=\"summary_large_image\" \/>\n<meta name=\"twitter:label1\" content=\"Gesch\u00e4tzte Lesezeit\" \/>\n\t<meta name=\"twitter:data1\" content=\"2\u00a0Minuten\" \/>\n<script type=\"application\/ld+json\" class=\"yoast-schema-graph\">{\"@context\":\"https:\\\/\\\/schema.org\",\"@graph\":[{\"@type\":\"WebPage\",\"@id\":\"https:\\\/\\\/www.stubentor.com\\\/?page_id=471\",\"url\":\"https:\\\/\\\/www.stubentor.com\\\/?page_id=471\",\"name\":\"Clubtag - Jugendclub Stubentor\",\"isPartOf\":{\"@id\":\"https:\\\/\\\/www.stubentor.com\\\/#website\"},\"datePublished\":\"2024-05-23T11:22:28+00:00\",\"dateModified\":\"2025-09-13T08:41:06+00:00\",\"breadcrumb\":{\"@id\":\"https:\\\/\\\/www.stubentor.com\\\/?page_id=471#breadcrumb\"},\"inLanguage\":\"de\",\"potentialAction\":[{\"@type\":\"ReadAction\",\"target\":[\"https:\\\/\\\/www.stubentor.com\\\/?page_id=471\"]}]},{\"@type\":\"BreadcrumbList\",\"@id\":\"https:\\\/\\\/www.stubentor.com\\\/?page_id=471#breadcrumb\",\"itemListElement\":[{\"@type\":\"ListItem\",\"position\":1,\"name\":\"Startseite\",\"item\":\"https:\\\/\\\/www.stubentor.com\\\/\"},{\"@type\":\"ListItem\",\"position\":2,\"name\":\"Clubtag\"}]},{\"@type\":\"WebSite\",\"@id\":\"https:\\\/\\\/www.stubentor.com\\\/#website\",\"url\":\"https:\\\/\\\/www.stubentor.com\\\/\",\"name\":\"Jugendclub Stubentor\",\"description\":\"\",\"publisher\":{\"@id\":\"https:\\\/\\\/www.stubentor.com\\\/#organization\"},\"potentialAction\":[{\"@type\":\"SearchAction\",\"target\":{\"@type\":\"EntryPoint\",\"urlTemplate\":\"https:\\\/\\\/www.stubentor.com\\\/?s={search_term_string}\"},\"query-input\":{\"@type\":\"PropertyValueSpecification\",\"valueRequired\":true,\"valueName\":\"search_term_string\"}}],\"inLanguage\":\"de\"},{\"@type\":\"Organization\",\"@id\":\"https:\\\/\\\/www.stubentor.com\\\/#organization\",\"name\":\"Jugendclub Stubentor\",\"url\":\"https:\\\/\\\/www.stubentor.com\\\/\",\"logo\":{\"@type\":\"ImageObject\",\"inLanguage\":\"de\",\"@id\":\"https:\\\/\\\/www.stubentor.com\\\/#\\\/schema\\\/logo\\\/image\\\/\",\"url\":\"https:\\\/\\\/www.stubentor.com\\\/wp-content\\\/uploads\\\/2024\\\/01\\\/Logo-weiss.png\",\"contentUrl\":\"https:\\\/\\\/www.stubentor.com\\\/wp-content\\\/uploads\\\/2024\\\/01\\\/Logo-weiss.png\",\"width\":740,\"height\":404,\"caption\":\"Jugendclub Stubentor\"},\"image\":{\"@id\":\"https:\\\/\\\/www.stubentor.com\\\/#\\\/schema\\\/logo\\\/image\\\/\"}}]}<\/script>\n<!-- \/ Yoast SEO plugin. -->","yoast_head_json":{"title":"Clubtag - Jugendclub Stubentor","robots":{"index":"index","follow":"follow","max-snippet":"max-snippet:-1","max-image-preview":"max-image-preview:large","max-video-preview":"max-video-preview:-1"},"canonical":"https:\/\/www.stubentor.com\/?page_id=471","og_locale":"de_DE","og_type":"article","og_title":"Clubtag - Jugendclub Stubentor","og_description":"Unsere Gruppen Kosten Xsmalls: \u20ac95 pro Semester Smalls und Mediums: \u20ac190 pro Semester Ein typischer Clubtag Input Wir besch\u00e4ftigen uns mit einem Thema aus einer der folgenden drei Kategorien: Pers\u00f6nlichkeitsbildung, Glaubensbildung, aktuelle Themen &#8211; christlicher Blick auf die Welt. Das machen wir durch Workshops, Betrachtungen in der Kapelle des Clubs, Diskussionen und Katechismusrunden, angepasst an [&hellip;]","og_url":"https:\/\/www.stubentor.com\/?page_id=471","og_site_name":"Jugendclub Stubentor","article_modified_time":"2025-09-13T08:41:06+00:00","twitter_card":"summary_large_image","twitter_misc":{"Gesch\u00e4tzte Lesezeit":"2\u00a0Minuten"},"schema":{"@context":"https:\/\/schema.org","@graph":[{"@type":"WebPage","@id":"https:\/\/www.stubentor.com\/?page_id=471","url":"https:\/\/www.stubentor.com\/?page_id=471","name":"Clubtag - Jugendclub Stubentor","isPartOf":{"@id":"https:\/\/www.stubentor.com\/#website"},"datePublished":"2024-05-23T11:22:28+00:00","dateModified":"2025-09-13T08:41:06+00:00","breadcrumb":{"@id":"https:\/\/www.stubentor.com\/?page_id=471#breadcrumb"},"inLanguage":"de","potentialAction":[{"@type":"ReadAction","target":["https:\/\/www.stubentor.com\/?page_id=471"]}]},{"@type":"BreadcrumbList","@id":"https:\/\/www.stubentor.com\/?page_id=471#breadcrumb","itemListElement":[{"@type":"ListItem","position":1,"name":"Startseite","item":"https:\/\/www.stubentor.com\/"},{"@type":"ListItem","position":2,"name":"Clubtag"}]},{"@type":"WebSite","@id":"https:\/\/www.stubentor.com\/#website","url":"https:\/\/www.stubentor.com\/","name":"Jugendclub Stubentor","description":"","publisher":{"@id":"https:\/\/www.stubentor.com\/#organization"},"potentialAction":[{"@type":"SearchAction","target":{"@type":"EntryPoint","urlTemplate":"https:\/\/www.stubentor.com\/?s={search_term_string}"},"query-input":{"@type":"PropertyValueSpecification","valueRequired":true,"valueName":"search_term_string"}}],"inLanguage":"de"},{"@type":"Organization","@id":"https:\/\/www.stubentor.com\/#organization","name":"Jugendclub Stubentor","url":"https:\/\/www.stubentor.com\/","logo":{"@type":"ImageObject","inLanguage":"de","@id":"https:\/\/www.stubentor.com\/#\/schema\/logo\/image\/","url":"https:\/\/www.stubentor.com\/wp-content\/uploads\/2024\/01\/Logo-weiss.png","contentUrl":"https:\/\/www.stubentor.com\/wp-content\/uploads\/2024\/01\/Logo-weiss.png","width":740,"height":404,"caption":"Jugendclub Stubentor"},"image":{"@id":"https:\/\/www.stubentor.com\/#\/schema\/logo\/image\/"}}]}},"_links":{"self":[{"href":"https:\/\/www.stubentor.com\/index.php?rest_route=\/wp\/v2\/pages\/471","targetHints":{"allow":["GET"]}}],"collection":[{"href":"https:\/\/www.stubentor.com\/index.php?rest_route=\/wp\/v2\/pages"}],"about":[{"href":"https:\/\/www.stubentor.com\/index.php?rest_route=\/wp\/v2\/types\/page"}],"author":[{"embeddable":true,"href":"https:\/\/www.stubentor.com\/index.php?rest_route=\/wp\/v2\/users\/3"}],"replies":[{"embeddable":true,"href":"https:\/\/www.stubentor.com\/index.php?rest_route=%2Fwp%2Fv2%2Fcomments&post=471"}],"version-history":[{"count":151,"href":"https:\/\/www.stubentor.com\/index.php?rest_route=\/wp\/v2\/pages\/471\/revisions"}],"predecessor-version":[{"id":1462,"href":"https:\/\/www.stubentor.com\/index.php?rest_route=\/wp\/v2\/pages\/471\/revisions\/1462"}],"wp:attachment":[{"href":"https:\/\/www.stubentor.com\/index.php?rest_route=%2Fwp%2Fv2%2Fmedia&parent=471"}],"curies":[{"name":"wp","href":"https:\/\/api.w.org\/{rel}","templated":true}]}}